{"id":1155,"date":"2023-06-07T14:28:53","date_gmt":"2023-06-07T12:28:53","guid":{"rendered":"https:\/\/cadproduction.hu\/?page_id=1155"},"modified":"2023-06-07T14:45:14","modified_gmt":"2023-06-07T12:45:14","slug":"karrier","status":"publish","type":"page","link":"https:\/\/cadproduction.hu\/en\/karrier\/","title":{"rendered":"Karrier"},"content":{"rendered":"<div data-elementor-type=\"wp-page\" data-elementor-id=\"1155\" class=\"elementor elementor-1155\">\n\t\t\t\t\t\t\t\t\t<section class=\"elementor-section elementor-top-section elementor-element elementor-element-1523b8f elementor-section-boxed elementor-section-height-default elementor-section-height-default\" data-id=\"1523b8f\" data-element_type=\"section\">\n\t\t\t\t\t\t<div class=\"elementor-container elementor-column-gap-default\">\n\t\t\t\t\t<div class=\"elementor-column elementor-col-100 elementor-top-column elementor-element elementor-element-45fe2bd\" data-id=\"45fe2bd\" data-element_type=\"column\">\n\t\t\t<div class=\"elementor-widget-wrap elementor-element-populated\">\n\t\t\t\t\t\t\t\t<div class=\"elementor-element elementor-element-9cd4cee elementor-widget__width-auto elementor-widget elementor-widget-heading\" data-id=\"9cd4cee\" data-element_type=\"widget\" data-widget_type=\"heading.default\">\n\t\t\t\t<div class=\"elementor-widget-container\">\n\t\t\t<h1 class=\"elementor-heading-title elementor-size-default\">Karrier<\/h1>\t\t<\/div>\n\t\t\t\t<\/div>\n\t\t\t\t<section class=\"elementor-section elementor-inner-section elementor-element elementor-element-4d13314 elementor-section-boxed elementor-section-height-default elementor-section-height-default\" data-id=\"4d13314\" data-element_type=\"section\">\n\t\t\t\t\t\t<div class=\"elementor-container elementor-column-gap-wide\">\n\t\t\t\t\t<div class=\"elementor-column elementor-col-50 elementor-inner-column elementor-element elementor-element-cefdea3\" data-id=\"cefdea3\" data-element_type=\"column\">\n\t\t\t<div class=\"elementor-widget-wrap elementor-element-populated\">\n\t\t\t\t\t\t\t\t<div class=\"elementor-element elementor-element-f5cc3d4 elementor-widget elementor-widget-image\" data-id=\"f5cc3d4\" data-element_type=\"widget\" data-widget_type=\"image.default\">\n\t\t\t\t<div class=\"elementor-widget-container\">\n\t\t\t\t\t\t\t\t\t\t\t\t\t\t\t<img loading=\"lazy\" decoding=\"async\" width=\"1000\" height=\"663\" src=\"https:\/\/cadproduction.hu\/wp-content\/uploads\/2023\/06\/karrier__cnc.jpg\" class=\"attachment-large size-large\" alt=\"\" srcset=\"https:\/\/cadproduction.hu\/wp-content\/uploads\/2023\/06\/karrier__cnc.jpg 1000w, https:\/\/cadproduction.hu\/wp-content\/uploads\/2023\/06\/karrier__cnc-300x199.jpg 300w, https:\/\/cadproduction.hu\/wp-content\/uploads\/2023\/06\/karrier__cnc-768x509.jpg 768w, https:\/\/cadproduction.hu\/wp-content\/uploads\/2023\/06\/karrier__cnc-18x12.jpg 18w\" sizes=\"auto, (max-width: 1000px) 100vw, 1000px\" \/>\t\t\t\t\t\t\t\t\t\t\t\t\t\t\t<\/div>\n\t\t\t\t<\/div>\n\t\t\t\t\t<\/div>\n\t\t<\/div>\n\t\t\t\t<div class=\"elementor-column elementor-col-50 elementor-inner-column elementor-element elementor-element-8f3f0f7\" data-id=\"8f3f0f7\" data-element_type=\"column\">\n\t\t\t<div class=\"elementor-widget-wrap elementor-element-populated\">\n\t\t\t\t\t\t\t\t<div class=\"elementor-element elementor-element-cdc2082 elementor-widget elementor-widget-heading\" data-id=\"cdc2082\" data-element_type=\"widget\" data-widget_type=\"heading.default\">\n\t\t\t\t<div class=\"elementor-widget-container\">\n\t\t\t<h3 class=\"elementor-heading-title elementor-size-default\">A CAD Production Kft. felv\u00e9telt hirdet CNC mar\u00f3s munkak\u00f6rbe!<\/h3>\t\t<\/div>\n\t\t\t\t<\/div>\n\t\t\t\t<div class=\"elementor-element elementor-element-b1a2eb0 elementor-widget elementor-widget-text-editor\" data-id=\"b1a2eb0\" data-element_type=\"widget\" data-widget_type=\"text-editor.default\">\n\t\t\t\t<div class=\"elementor-widget-container\">\n\t\t\t\t\t\t\t<p>F\u0151 profilunk aut\u00f3ipari, rep\u00fcl\u0151g\u00e9p ipari c\u00e9lg\u00e9pek szersz\u00e1mok tervez\u00e9se, gy\u00e1rt\u00e1sa.<\/p><p>\u2699 Amit k\u00edn\u00e1lunk: Magas szint\u0171 szakmai munka, legmodernebb g\u00e9pek \u00e9s szoftverek haszn\u00e1lata, szakmai fejl\u0151d\u00e9s, karrier lehet\u0151s\u00e9g. Folyamatos bels\u0151 k\u00e9pz\u00e9sek, versenyk\u00e9pes fizet\u00e9s, pr\u00e9mium rendszerrel, fiatalos, seg\u00edt\u0151k\u00e9sz, j\u00f3 ked\u00e9ly\u0171 csapat, kellemes munkahelyi k\u00f6rnyezet.<\/p><p>\u2699 Akit keres\u00fcnk: Szeresd a szakm\u00e1t, a feladatokra kih\u00edv\u00e1sk\u00e9nt tekints, tudj csapatban dolgozni, l\u00e9gy megold\u00e1s orient\u00e1lt, sz\u00edvesen tanulj, fejl\u0151dj.<br \/>Amire felt\u00e9tlen sz\u00fcks\u00e9g van: szakir\u00e1ny\u00fa v\u00e9gzets\u00e9g (g\u00e9p\u00e9sz), j\u00f3 bizony\u00edtv\u00e1ny vagy gyakorlat.<\/p><p>\u2699 El\u0151ny: CAD-CAM ismeret<\/p><p>Els\u0151sorban tapasztalt koll\u00e9g\u00e1k jelentkez\u00e9s\u00e9t v\u00e1rjuk, de sz\u00edvesen b\u0151v\u00edtj\u00fck csapatunkat motiv\u00e1lt, j\u00f3 k\u00e9pess\u00e9g\u0171 p\u00e1lyakezd\u0151 koll\u00e9g\u00e1val is.<\/p><p>Jelentkez\u00e9s m\u00f3dja: Ha felkeltette az \u00e9rdekl\u0151d\u00e9sedet a hirdet\u00e9s\u00fcnk jelentkezz a <a href=\"mailto:cadkollega@gmail.com\">cadkollega@gmail.com<\/a> c\u00edmen egy r\u00f6vid f\u00e9nyk\u00e9pes bemutatkoz\u00e1ssal.<\/p>\t\t\t\t\t\t<\/div>\n\t\t\t\t<\/div>\n\t\t\t\t\t<\/div>\n\t\t<\/div>\n\t\t\t\t\t\t\t<\/div>\n\t\t<\/section>\n\t\t\t\t\t<\/div>\n\t\t<\/div>\n\t\t\t\t\t\t\t<\/div>\n\t\t<\/section>\n\t\t\t\t\t\t\t<\/div>","protected":false},"excerpt":{"rendered":"<p>Karrier A CAD Production Kft. felv\u00e9telt hirdet CNC mar\u00f3s munkak\u00f6rbe! F\u0151 profilunk aut\u00f3ipari, rep\u00fcl\u0151g\u00e9p ipari c\u00e9lg\u00e9pek szersz\u00e1mok tervez\u00e9se, gy\u00e1rt\u00e1sa. \u2699 Amit k\u00edn\u00e1lunk: Magas szint\u0171 szakmai munka, legmodernebb g\u00e9pek \u00e9s szoftverek haszn\u00e1lata, szakmai fejl\u0151d\u00e9s, karrier lehet\u0151s\u00e9g. Folyamatos bels\u0151 k\u00e9pz\u00e9sek, versenyk\u00e9pes fizet\u00e9s, pr\u00e9mium rendszerrel, fiatalos, seg\u00edt\u0151k\u00e9sz, j\u00f3 ked\u00e9ly\u0171 csapat, kellemes munkahelyi k\u00f6rnyezet. \u2699 Akit keres\u00fcnk: Szeresd a &hellip;<\/p>\n<p class=\"read-more\"> <a class=\"\" href=\"https:\/\/cadproduction.hu\/en\/karrier\/\"> <span class=\"screen-reader-text\">Karrier<\/span> Read More &raquo;<\/a><\/p>","protected":false},"author":1,"featured_media":0,"parent":0,"menu_order":0,"comment_status":"closed","ping_status":"closed","template":"","meta":{"site-sidebar-layout":"no-sidebar","site-content-layout":"page-builder","ast-site-content-layout":"","site-content-style":"default","site-sidebar-style":"default","ast-global-header-display":"","ast-banner-title-visibility":"","ast-main-header-display":"","ast-hfb-above-header-display":"","ast-hfb-below-header-display":"","ast-hfb-mobile-header-display":"","site-post-title":"disabled","ast-breadcrumbs-content":"","ast-featured-img":"disabled","footer-sml-layout":"","theme-transparent-header-meta":"","adv-header-id-meta":"","stick-header-meta":"","header-above-stick-meta":"","header-main-stick-meta":"","header-below-stick-meta":"","astra-migrate-meta-layouts":"","footnotes":""},"class_list":["post-1155","page","type-page","status-publish","hentry"],"yoast_head":"<!-- This site is optimized with the Yoast SEO plugin v19.3 - https:\/\/yoast.com\/wordpress\/plugins\/seo\/ -->\n<title>Karrier - Cad Production Kft.<\/title>\n<meta name=\"robots\" content=\"index, follow, max-snippet:-1, max-image-preview:large, max-video-preview:-1\" \/>\n<link rel=\"canonical\" href=\"https:\/\/cadproduction.hu\/en\/karrier\/\" \/>\n<meta property=\"og:locale\" content=\"en_US\" \/>\n<meta property=\"og:type\" content=\"article\" \/>\n<meta property=\"og:title\" content=\"Karrier - Cad Production Kft.\" \/>\n<meta property=\"og:description\" content=\"Karrier A CAD Production Kft. felv\u00e9telt hirdet CNC mar\u00f3s munkak\u00f6rbe! F\u0151 profilunk aut\u00f3ipari, rep\u00fcl\u0151g\u00e9p ipari c\u00e9lg\u00e9pek szersz\u00e1mok tervez\u00e9se, gy\u00e1rt\u00e1sa. \u2699 Amit k\u00edn\u00e1lunk: Magas szint\u0171 szakmai munka, legmodernebb g\u00e9pek \u00e9s szoftverek haszn\u00e1lata, szakmai fejl\u0151d\u00e9s, karrier lehet\u0151s\u00e9g. Folyamatos bels\u0151 k\u00e9pz\u00e9sek, versenyk\u00e9pes fizet\u00e9s, pr\u00e9mium rendszerrel, fiatalos, seg\u00edt\u0151k\u00e9sz, j\u00f3 ked\u00e9ly\u0171 csapat, kellemes munkahelyi k\u00f6rnyezet. \u2699 Akit keres\u00fcnk: Szeresd a &hellip; Karrier Read More &raquo;\" \/>\n<meta property=\"og:url\" content=\"https:\/\/cadproduction.hu\/en\/karrier\/\" \/>\n<meta property=\"og:site_name\" content=\"Cad Production Kft.\" \/>\n<meta property=\"article:modified_time\" content=\"2023-06-07T12:45:14+00:00\" \/>\n<meta property=\"og:image\" content=\"https:\/\/cadproduction.hu\/wp-content\/uploads\/2023\/06\/karrier__cnc.jpg\" \/>\n<meta name=\"twitter:card\" content=\"summary_large_image\" \/>\n<meta name=\"twitter:label1\" content=\"Est. reading time\" \/>\n\t<meta name=\"twitter:data1\" content=\"1 minute\" \/>\n<script type=\"application\/ld+json\" class=\"yoast-schema-graph\">{\"@context\":\"https:\/\/schema.org\",\"@graph\":[{\"@type\":\"Organization\",\"@id\":\"https:\/\/cadproduction.hu\/#organization\",\"name\":\"Cad Production Kft.\",\"url\":\"https:\/\/cadproduction.hu\/\",\"sameAs\":[],\"logo\":{\"@type\":\"ImageObject\",\"inLanguage\":\"en-US\",\"@id\":\"https:\/\/cadproduction.hu\/#\/schema\/logo\/image\/\",\"url\":\"https:\/\/cadproduction.hu\/wp-content\/uploads\/2021\/03\/logo_small.png\",\"contentUrl\":\"https:\/\/cadproduction.hu\/wp-content\/uploads\/2021\/03\/logo_small.png\",\"width\":300,\"height\":136,\"caption\":\"Cad Production Kft.\"},\"image\":{\"@id\":\"https:\/\/cadproduction.hu\/#\/schema\/logo\/image\/\"}},{\"@type\":\"WebSite\",\"@id\":\"https:\/\/cadproduction.hu\/#website\",\"url\":\"https:\/\/cadproduction.hu\/\",\"name\":\"Cad Production Kft.\",\"description\":\"Speci\u00e1lis g\u00e9pgy\u00e1rt\u00f3, m\u00e9rn\u00f6ki fejleszt\u0151 \u00e9s szolg\u00e1ltat\u00f3 Kft.\",\"publisher\":{\"@id\":\"https:\/\/cadproduction.hu\/#organization\"},\"potentialAction\":[{\"@type\":\"SearchAction\",\"target\":{\"@type\":\"EntryPoint\",\"urlTemplate\":\"https:\/\/cadproduction.hu\/?s={search_term_string}\"},\"query-input\":\"required name=search_term_string\"}],\"inLanguage\":\"en-US\"},{\"@type\":\"ImageObject\",\"inLanguage\":\"en-US\",\"@id\":\"https:\/\/cadproduction.hu\/karrier\/#primaryimage\",\"url\":\"https:\/\/cadproduction.hu\/wp-content\/uploads\/2023\/06\/karrier__cnc.jpg\",\"contentUrl\":\"https:\/\/cadproduction.hu\/wp-content\/uploads\/2023\/06\/karrier__cnc.jpg\",\"width\":1000,\"height\":663},{\"@type\":\"WebPage\",\"@id\":\"https:\/\/cadproduction.hu\/karrier\/\",\"url\":\"https:\/\/cadproduction.hu\/karrier\/\",\"name\":\"Karrier - Cad Production Kft.\",\"isPartOf\":{\"@id\":\"https:\/\/cadproduction.hu\/#website\"},\"primaryImageOfPage\":{\"@id\":\"https:\/\/cadproduction.hu\/karrier\/#primaryimage\"},\"datePublished\":\"2023-06-07T12:28:53+00:00\",\"dateModified\":\"2023-06-07T12:45:14+00:00\",\"breadcrumb\":{\"@id\":\"https:\/\/cadproduction.hu\/karrier\/#breadcrumb\"},\"inLanguage\":\"en-US\",\"potentialAction\":[{\"@type\":\"ReadAction\",\"target\":[\"https:\/\/cadproduction.hu\/karrier\/\"]}]},{\"@type\":\"BreadcrumbList\",\"@id\":\"https:\/\/cadproduction.hu\/karrier\/#breadcrumb\",\"itemListElement\":[{\"@type\":\"ListItem\",\"position\":1,\"name\":\"Home\",\"item\":\"https:\/\/cadproduction.hu\/en\/\"},{\"@type\":\"ListItem\",\"position\":2,\"name\":\"Karrier\"}]}]}<\/script>\n<!-- \/ Yoast SEO plugin. -->","yoast_head_json":{"title":"Karrier - Cad Production Kft.","robots":{"index":"index","follow":"follow","max-snippet":"max-snippet:-1","max-image-preview":"max-image-preview:large","max-video-preview":"max-video-preview:-1"},"canonical":"https:\/\/cadproduction.hu\/en\/karrier\/","og_locale":"en_US","og_type":"article","og_title":"Karrier - Cad Production Kft.","og_description":"Karrier A CAD Production Kft. felv\u00e9telt hirdet CNC mar\u00f3s munkak\u00f6rbe! F\u0151 profilunk aut\u00f3ipari, rep\u00fcl\u0151g\u00e9p ipari c\u00e9lg\u00e9pek szersz\u00e1mok tervez\u00e9se, gy\u00e1rt\u00e1sa. \u2699 Amit k\u00edn\u00e1lunk: Magas szint\u0171 szakmai munka, legmodernebb g\u00e9pek \u00e9s szoftverek haszn\u00e1lata, szakmai fejl\u0151d\u00e9s, karrier lehet\u0151s\u00e9g. Folyamatos bels\u0151 k\u00e9pz\u00e9sek, versenyk\u00e9pes fizet\u00e9s, pr\u00e9mium rendszerrel, fiatalos, seg\u00edt\u0151k\u00e9sz, j\u00f3 ked\u00e9ly\u0171 csapat, kellemes munkahelyi k\u00f6rnyezet. \u2699 Akit keres\u00fcnk: Szeresd a &hellip; Karrier Read More &raquo;","og_url":"https:\/\/cadproduction.hu\/en\/karrier\/","og_site_name":"Cad Production Kft.","article_modified_time":"2023-06-07T12:45:14+00:00","og_image":[{"url":"https:\/\/cadproduction.hu\/wp-content\/uploads\/2023\/06\/karrier__cnc.jpg"}],"twitter_card":"summary_large_image","twitter_misc":{"Est. reading time":"1 minute"},"schema":{"@context":"https:\/\/schema.org","@graph":[{"@type":"Organization","@id":"https:\/\/cadproduction.hu\/#organization","name":"Cad Production Kft.","url":"https:\/\/cadproduction.hu\/","sameAs":[],"logo":{"@type":"ImageObject","inLanguage":"en-US","@id":"https:\/\/cadproduction.hu\/#\/schema\/logo\/image\/","url":"https:\/\/cadproduction.hu\/wp-content\/uploads\/2021\/03\/logo_small.png","contentUrl":"https:\/\/cadproduction.hu\/wp-content\/uploads\/2021\/03\/logo_small.png","width":300,"height":136,"caption":"Cad Production Kft."},"image":{"@id":"https:\/\/cadproduction.hu\/#\/schema\/logo\/image\/"}},{"@type":"WebSite","@id":"https:\/\/cadproduction.hu\/#website","url":"https:\/\/cadproduction.hu\/","name":"Cad Production Kft.","description":"Speci\u00e1lis g\u00e9pgy\u00e1rt\u00f3, m\u00e9rn\u00f6ki fejleszt\u0151 \u00e9s szolg\u00e1ltat\u00f3 Kft.","publisher":{"@id":"https:\/\/cadproduction.hu\/#organization"},"potentialAction":[{"@type":"SearchAction","target":{"@type":"EntryPoint","urlTemplate":"https:\/\/cadproduction.hu\/?s={search_term_string}"},"query-input":"required name=search_term_string"}],"inLanguage":"en-US"},{"@type":"ImageObject","inLanguage":"en-US","@id":"https:\/\/cadproduction.hu\/karrier\/#primaryimage","url":"https:\/\/cadproduction.hu\/wp-content\/uploads\/2023\/06\/karrier__cnc.jpg","contentUrl":"https:\/\/cadproduction.hu\/wp-content\/uploads\/2023\/06\/karrier__cnc.jpg","width":1000,"height":663},{"@type":"WebPage","@id":"https:\/\/cadproduction.hu\/karrier\/","url":"https:\/\/cadproduction.hu\/karrier\/","name":"Karrier - Cad Production Kft.","isPartOf":{"@id":"https:\/\/cadproduction.hu\/#website"},"primaryImageOfPage":{"@id":"https:\/\/cadproduction.hu\/karrier\/#primaryimage"},"datePublished":"2023-06-07T12:28:53+00:00","dateModified":"2023-06-07T12:45:14+00:00","breadcrumb":{"@id":"https:\/\/cadproduction.hu\/karrier\/#breadcrumb"},"inLanguage":"en-US","potentialAction":[{"@type":"ReadAction","target":["https:\/\/cadproduction.hu\/karrier\/"]}]},{"@type":"BreadcrumbList","@id":"https:\/\/cadproduction.hu\/karrier\/#breadcrumb","itemListElement":[{"@type":"ListItem","position":1,"name":"Home","item":"https:\/\/cadproduction.hu\/en\/"},{"@type":"ListItem","position":2,"name":"Karrier"}]}]}},"_links":{"self":[{"href":"https:\/\/cadproduction.hu\/en\/wp-json\/wp\/v2\/pages\/1155","targetHints":{"allow":["GET"]}}],"collection":[{"href":"https:\/\/cadproduction.hu\/en\/wp-json\/wp\/v2\/pages"}],"about":[{"href":"https:\/\/cadproduction.hu\/en\/wp-json\/wp\/v2\/types\/page"}],"author":[{"embeddable":true,"href":"https:\/\/cadproduction.hu\/en\/wp-json\/wp\/v2\/users\/1"}],"replies":[{"embeddable":true,"href":"https:\/\/cadproduction.hu\/en\/wp-json\/wp\/v2\/comments?post=1155"}],"version-history":[{"count":0,"href":"https:\/\/cadproduction.hu\/en\/wp-json\/wp\/v2\/pages\/1155\/revisions"}],"wp:attachment":[{"href":"https:\/\/cadproduction.hu\/en\/wp-json\/wp\/v2\/media?parent=1155"}],"curies":[{"name":"wp","href":"https:\/\/api.w.org\/{rel}","templated":true}]}}