{"id":19,"date":"2021-03-17T22:52:16","date_gmt":"2021-03-17T22:52:16","guid":{"rendered":"https:\/\/cadproduction.hu\/?page_id=19"},"modified":"2021-03-29T15:26:52","modified_gmt":"2021-03-29T15:26:52","slug":"rolunk","status":"publish","type":"page","link":"https:\/\/cadproduction.hu\/en\/rolunk\/","title":{"rendered":"About us"},"content":{"rendered":"<div data-elementor-type=\"wp-page\" data-elementor-id=\"19\" class=\"elementor elementor-19\">\n\t\t\t\t\t\t\t\t\t<section class=\"elementor-section elementor-top-section elementor-element elementor-element-9958d18 elementor-section-boxed elementor-section-height-default elementor-section-height-default\" data-id=\"9958d18\" data-element_type=\"section\">\n\t\t\t\t\t\t<div class=\"elementor-container elementor-column-gap-default\">\n\t\t\t\t\t<div class=\"elementor-column elementor-col-100 elementor-top-column elementor-element elementor-element-2d2bf1d\" data-id=\"2d2bf1d\" data-element_type=\"column\">\n\t\t\t<div class=\"elementor-widget-wrap elementor-element-populated\">\n\t\t\t\t\t\t\t\t<div class=\"elementor-element elementor-element-298b54b elementor-widget elementor-widget-text-editor\" data-id=\"298b54b\" data-element_type=\"widget\" data-widget_type=\"text-editor.default\">\n\t\t\t\t<div class=\"elementor-widget-container\">\n\t\t\t\t\t\t\t<div id=\"company_cont\" class=\"company_cont\"><p class=\"text\">Our company is a dynamically developing enterprise with extensive experience in the development of unique target machines and production equipment.<br \/>In the course of our work, we rely on our many years of experience in the automotive industry, our precision, our own patents and our special processes. The quality production of many plants was realized with the help of the tools we made.<\/p><p class=\"text\">We use a modern 3D design system to develop our products. With the help of these, we place great emphasis on serving the full range of customer needs already in the planning phase of our projects. Thus, as a result of joint development work, we can support our partners with high-quality, cost-effective production equipment.<\/p><p class=\"text\">We have our own complex production workshop for the construction of the planned devices. We also install and test our equipment here. Most of our developments are delivered to the quality assurance and manufacturing areas of automotive mass production. Various machining, assembly, inspection, measuring, equipment. In the field of quality assurance, from simple devices to high-complexity combined inspection devices.<\/p><p class=\"text\">A significant part of our assignments is the design and manufacture of individual mechanical inspection devices and welding tools. The components of the products of many reputable car factories are inspected and manufactured with the devices we design. Without claiming completeness; we supplied tools for the production of VW (engine mount), Audi (Cylinder head valve seat), Mercedes (Engine center console), KIA (Rear seat row) BMW (Headrest, seat) parts, in-process inspection.<\/p><p class=\"text\">Our partners often contact us with special needs during the manufacturing process. Whether it\u2019s tooling the manufacturing process or inspecting products.<\/p><p class=\"text\">We maintain a close relationship with the Budapest development center of ROBERT BOSCH Kft. As a continuous supplier, we perform special machining for them with the new technology we have developed. Our cooperation extends to solving individual design and production tasks during their developments.<\/p><p class=\"text\">At the heart of our business policy is quality and the highest possible level of service to our partners. With our expertise and experience, we are at the disposal of our partners for dynamic development and a successful future.<\/p><\/div>\t\t\t\t\t\t<\/div>\n\t\t\t\t<\/div>\n\t\t\t\t\t<\/div>\n\t\t<\/div>\n\t\t\t\t\t\t\t<\/div>\n\t\t<\/section>\n\t\t\t\t\t\t\t<\/div>","protected":false},"excerpt":{"rendered":"<p>T\u00e1rsas\u00e1gunk egyedi c\u00e9lg\u00e9p, gy\u00e1rt\u00f3eszk\u00f6z fejleszt\u00e9sben komoly tapasztalattal rendelkez\u0151, dinamikusan fejl\u0151d\u0151 v\u00e1llalkoz\u00e1s.Munk\u00e1ink sor\u00e1n, az aut\u00f3iparban szerzett t\u00f6bb\u00e9ves tapasztalatainkra, precizit\u00e1sunkra, saj\u00e1t szabadalmainkra, k\u00fcl\u00f6nleges elj\u00e1r\u00e1sinkra t\u00e1maszkodunk. Sz\u00e1mos \u00fczem min\u0151s\u00e9gi termel\u00e9se val\u00f3sult meg az \u00e1ltalunk k\u00e9sz\u00edtett eszk\u00f6z\u00f6k seg\u00edts\u00e9g\u00e9vel. Term\u00e9keink fejleszt\u00e9s\u00e9hez korszer\u0171 3D tervez\u0151rendszert alkalmazunk. Ezek seg\u00edts\u00e9g\u00e9vel, m\u00e1r projektjeink tervez\u00e9si f\u00e1zisban nagy hangs\u00falyt fektet\u00fcnk a vev\u0151i ig\u00e9nyek teljes k\u00f6r\u0171 kiszolg\u00e1l\u00e1s\u00e1ra. &hellip;<\/p>\n<p class=\"read-more\"> <a class=\"\" href=\"https:\/\/cadproduction.hu\/en\/rolunk\/\"> <span class=\"screen-reader-text\">About us<\/span> Read More &raquo;<\/a><\/p>","protected":false},"author":1,"featured_media":0,"parent":0,"menu_order":0,"comment_status":"closed","ping_status":"closed","template":"","meta":{"site-sidebar-layout":"no-sidebar","site-content-layout":"page-builder","ast-site-content-layout":"","site-content-style":"default","site-sidebar-style":"default","ast-global-header-display":"","ast-banner-title-visibility":"","ast-main-header-display":"","ast-hfb-above-header-display":"","ast-hfb-below-header-display":"","ast-hfb-mobile-header-display":"","site-post-title":"disabled","ast-breadcrumbs-content":"","ast-featured-img":"disabled","footer-sml-layout":"","theme-transparent-header-meta":"default","adv-header-id-meta":"","stick-header-meta":"","header-above-stick-meta":"","header-main-stick-meta":"","header-below-stick-meta":"","astra-migrate-meta-layouts":"","footnotes":""},"class_list":["post-19","page","type-page","status-publish","hentry"],"yoast_head":"<!-- This site is optimized with the Yoast SEO plugin v19.3 - https:\/\/yoast.com\/wordpress\/plugins\/seo\/ -->\n<title>R\u00f3lunk - Cad Production Kft.<\/title>\n<meta name=\"robots\" content=\"index, follow, max-snippet:-1, max-image-preview:large, max-video-preview:-1\" \/>\n<link rel=\"canonical\" href=\"https:\/\/cadproduction.hu\/en\/rolunk\/\" \/>\n<meta property=\"og:locale\" content=\"en_US\" \/>\n<meta property=\"og:type\" content=\"article\" \/>\n<meta property=\"og:title\" content=\"R\u00f3lunk - Cad Production Kft.\" \/>\n<meta property=\"og:description\" content=\"T\u00e1rsas\u00e1gunk egyedi c\u00e9lg\u00e9p, gy\u00e1rt\u00f3eszk\u00f6z fejleszt\u00e9sben komoly tapasztalattal rendelkez\u0151, dinamikusan fejl\u0151d\u0151 v\u00e1llalkoz\u00e1s.Munk\u00e1ink sor\u00e1n, az aut\u00f3iparban szerzett t\u00f6bb\u00e9ves tapasztalatainkra, precizit\u00e1sunkra, saj\u00e1t szabadalmainkra, k\u00fcl\u00f6nleges elj\u00e1r\u00e1sinkra t\u00e1maszkodunk. Sz\u00e1mos \u00fczem min\u0151s\u00e9gi termel\u00e9se val\u00f3sult meg az \u00e1ltalunk k\u00e9sz\u00edtett eszk\u00f6z\u00f6k seg\u00edts\u00e9g\u00e9vel. Term\u00e9keink fejleszt\u00e9s\u00e9hez korszer\u0171 3D tervez\u0151rendszert alkalmazunk. Ezek seg\u00edts\u00e9g\u00e9vel, m\u00e1r projektjeink tervez\u00e9si f\u00e1zisban nagy hangs\u00falyt fektet\u00fcnk a vev\u0151i ig\u00e9nyek teljes k\u00f6r\u0171 kiszolg\u00e1l\u00e1s\u00e1ra. &hellip; R\u00f3lunk Read More &raquo;\" \/>\n<meta property=\"og:url\" content=\"https:\/\/cadproduction.hu\/en\/rolunk\/\" \/>\n<meta property=\"og:site_name\" content=\"Cad Production Kft.\" \/>\n<meta property=\"article:modified_time\" content=\"2021-03-29T15:26:52+00:00\" \/>\n<meta name=\"twitter:card\" content=\"summary_large_image\" \/>\n<meta name=\"twitter:label1\" content=\"Est. reading time\" \/>\n\t<meta name=\"twitter:data1\" content=\"2 minutes\" \/>\n<script type=\"application\/ld+json\" class=\"yoast-schema-graph\">{\"@context\":\"https:\/\/schema.org\",\"@graph\":[{\"@type\":\"Organization\",\"@id\":\"https:\/\/cadproduction.hu\/#organization\",\"name\":\"Cad Production Kft.\",\"url\":\"https:\/\/cadproduction.hu\/\",\"sameAs\":[],\"logo\":{\"@type\":\"ImageObject\",\"inLanguage\":\"en-US\",\"@id\":\"https:\/\/cadproduction.hu\/#\/schema\/logo\/image\/\",\"url\":\"https:\/\/cadproduction.hu\/wp-content\/uploads\/2021\/03\/logo_small.png\",\"contentUrl\":\"https:\/\/cadproduction.hu\/wp-content\/uploads\/2021\/03\/logo_small.png\",\"width\":300,\"height\":136,\"caption\":\"Cad Production Kft.\"},\"image\":{\"@id\":\"https:\/\/cadproduction.hu\/#\/schema\/logo\/image\/\"}},{\"@type\":\"WebSite\",\"@id\":\"https:\/\/cadproduction.hu\/#website\",\"url\":\"https:\/\/cadproduction.hu\/\",\"name\":\"Cad Production Kft.\",\"description\":\"Speci\u00e1lis g\u00e9pgy\u00e1rt\u00f3, m\u00e9rn\u00f6ki fejleszt\u0151 \u00e9s szolg\u00e1ltat\u00f3 Kft.\",\"publisher\":{\"@id\":\"https:\/\/cadproduction.hu\/#organization\"},\"potentialAction\":[{\"@type\":\"SearchAction\",\"target\":{\"@type\":\"EntryPoint\",\"urlTemplate\":\"https:\/\/cadproduction.hu\/?s={search_term_string}\"},\"query-input\":\"required name=search_term_string\"}],\"inLanguage\":\"en-US\"},{\"@type\":\"WebPage\",\"@id\":\"https:\/\/cadproduction.hu\/en\/rolunk\/\",\"url\":\"https:\/\/cadproduction.hu\/en\/rolunk\/\",\"name\":\"R\u00f3lunk - Cad Production Kft.\",\"isPartOf\":{\"@id\":\"https:\/\/cadproduction.hu\/#website\"},\"datePublished\":\"2021-03-17T22:52:16+00:00\",\"dateModified\":\"2021-03-29T15:26:52+00:00\",\"breadcrumb\":{\"@id\":\"https:\/\/cadproduction.hu\/en\/rolunk\/#breadcrumb\"},\"inLanguage\":\"en-US\",\"potentialAction\":[{\"@type\":\"ReadAction\",\"target\":[\"https:\/\/cadproduction.hu\/en\/rolunk\/\"]}]},{\"@type\":\"BreadcrumbList\",\"@id\":\"https:\/\/cadproduction.hu\/en\/rolunk\/#breadcrumb\",\"itemListElement\":[{\"@type\":\"ListItem\",\"position\":1,\"name\":\"Home\",\"item\":\"https:\/\/cadproduction.hu\/en\/\"},{\"@type\":\"ListItem\",\"position\":2,\"name\":\"R\u00f3lunk\"}]}]}<\/script>\n<!-- \/ Yoast SEO plugin. -->","yoast_head_json":{"title":"R\u00f3lunk - Cad Production Kft.","robots":{"index":"index","follow":"follow","max-snippet":"max-snippet:-1","max-image-preview":"max-image-preview:large","max-video-preview":"max-video-preview:-1"},"canonical":"https:\/\/cadproduction.hu\/en\/rolunk\/","og_locale":"en_US","og_type":"article","og_title":"R\u00f3lunk - Cad Production Kft.","og_description":"T\u00e1rsas\u00e1gunk egyedi c\u00e9lg\u00e9p, gy\u00e1rt\u00f3eszk\u00f6z fejleszt\u00e9sben komoly tapasztalattal rendelkez\u0151, dinamikusan fejl\u0151d\u0151 v\u00e1llalkoz\u00e1s.Munk\u00e1ink sor\u00e1n, az aut\u00f3iparban szerzett t\u00f6bb\u00e9ves tapasztalatainkra, precizit\u00e1sunkra, saj\u00e1t szabadalmainkra, k\u00fcl\u00f6nleges elj\u00e1r\u00e1sinkra t\u00e1maszkodunk. Sz\u00e1mos \u00fczem min\u0151s\u00e9gi termel\u00e9se val\u00f3sult meg az \u00e1ltalunk k\u00e9sz\u00edtett eszk\u00f6z\u00f6k seg\u00edts\u00e9g\u00e9vel. Term\u00e9keink fejleszt\u00e9s\u00e9hez korszer\u0171 3D tervez\u0151rendszert alkalmazunk. Ezek seg\u00edts\u00e9g\u00e9vel, m\u00e1r projektjeink tervez\u00e9si f\u00e1zisban nagy hangs\u00falyt fektet\u00fcnk a vev\u0151i ig\u00e9nyek teljes k\u00f6r\u0171 kiszolg\u00e1l\u00e1s\u00e1ra. &hellip; R\u00f3lunk Read More &raquo;","og_url":"https:\/\/cadproduction.hu\/en\/rolunk\/","og_site_name":"Cad Production Kft.","article_modified_time":"2021-03-29T15:26:52+00:00","twitter_card":"summary_large_image","twitter_misc":{"Est. reading time":"2 minutes"},"schema":{"@context":"https:\/\/schema.org","@graph":[{"@type":"Organization","@id":"https:\/\/cadproduction.hu\/#organization","name":"Cad Production Kft.","url":"https:\/\/cadproduction.hu\/","sameAs":[],"logo":{"@type":"ImageObject","inLanguage":"en-US","@id":"https:\/\/cadproduction.hu\/#\/schema\/logo\/image\/","url":"https:\/\/cadproduction.hu\/wp-content\/uploads\/2021\/03\/logo_small.png","contentUrl":"https:\/\/cadproduction.hu\/wp-content\/uploads\/2021\/03\/logo_small.png","width":300,"height":136,"caption":"Cad Production Kft."},"image":{"@id":"https:\/\/cadproduction.hu\/#\/schema\/logo\/image\/"}},{"@type":"WebSite","@id":"https:\/\/cadproduction.hu\/#website","url":"https:\/\/cadproduction.hu\/","name":"Cad Production Kft.","description":"Speci\u00e1lis g\u00e9pgy\u00e1rt\u00f3, m\u00e9rn\u00f6ki fejleszt\u0151 \u00e9s szolg\u00e1ltat\u00f3 Kft.","publisher":{"@id":"https:\/\/cadproduction.hu\/#organization"},"potentialAction":[{"@type":"SearchAction","target":{"@type":"EntryPoint","urlTemplate":"https:\/\/cadproduction.hu\/?s={search_term_string}"},"query-input":"required name=search_term_string"}],"inLanguage":"en-US"},{"@type":"WebPage","@id":"https:\/\/cadproduction.hu\/en\/rolunk\/","url":"https:\/\/cadproduction.hu\/en\/rolunk\/","name":"R\u00f3lunk - Cad Production Kft.","isPartOf":{"@id":"https:\/\/cadproduction.hu\/#website"},"datePublished":"2021-03-17T22:52:16+00:00","dateModified":"2021-03-29T15:26:52+00:00","breadcrumb":{"@id":"https:\/\/cadproduction.hu\/en\/rolunk\/#breadcrumb"},"inLanguage":"en-US","potentialAction":[{"@type":"ReadAction","target":["https:\/\/cadproduction.hu\/en\/rolunk\/"]}]},{"@type":"BreadcrumbList","@id":"https:\/\/cadproduction.hu\/en\/rolunk\/#breadcrumb","itemListElement":[{"@type":"ListItem","position":1,"name":"Home","item":"https:\/\/cadproduction.hu\/en\/"},{"@type":"ListItem","position":2,"name":"R\u00f3lunk"}]}]}},"_links":{"self":[{"href":"https:\/\/cadproduction.hu\/en\/wp-json\/wp\/v2\/pages\/19","targetHints":{"allow":["GET"]}}],"collection":[{"href":"https:\/\/cadproduction.hu\/en\/wp-json\/wp\/v2\/pages"}],"about":[{"href":"https:\/\/cadproduction.hu\/en\/wp-json\/wp\/v2\/types\/page"}],"author":[{"embeddable":true,"href":"https:\/\/cadproduction.hu\/en\/wp-json\/wp\/v2\/users\/1"}],"replies":[{"embeddable":true,"href":"https:\/\/cadproduction.hu\/en\/wp-json\/wp\/v2\/comments?post=19"}],"version-history":[{"count":0,"href":"https:\/\/cadproduction.hu\/en\/wp-json\/wp\/v2\/pages\/19\/revisions"}],"wp:attachment":[{"href":"https:\/\/cadproduction.hu\/en\/wp-json\/wp\/v2\/media?parent=19"}],"curies":[{"name":"wp","href":"https:\/\/api.w.org\/{rel}","templated":true}]}}