{"id":3,"date":"2021-03-08T23:09:17","date_gmt":"2021-03-08T23:09:17","guid":{"rendered":"https:\/\/cadproduction.hu\/?page_id=3"},"modified":"2021-04-10T03:22:42","modified_gmt":"2021-04-10T01:22:42","slug":"adatkezelesi-iranyelvek","status":"publish","type":"page","link":"https:\/\/cadproduction.hu\/en\/adatkezelesi-iranyelvek\/","title":{"rendered":"Privacy Policy"},"content":{"rendered":"<p>Privacy policy of Cad Production Kft.<\/p>\n\n\n\n<p>At Cad Production Kft, which is available on the https:\/\/cadproduction.hu\/ website, one of our most important priorities is to protect the data of our visitors. This Privacy Policy contains the types of information collected and recorded by Cad Production Kft. And how to use them.<\/p>\n\n\n\n<p>If you have any further questions or need more information about our Privacy Policy, please feel free to contact us. Our Privacy Policy was created using the GDPR Privacy Policy Generator from GDPRPrivacyPolicy.net.<br>General Data Protection Regulation (GDPR)<\/p>\n\n\n\n<p>We are the data controller of your data.<\/p>\n\n\n\n<p>The legal basis for the collection and use of personal data described in these Privacy Policy of Cad Production Kft. Depends on the personal data we collect and the specific context of the information collection:<\/p>\n\n\n\n<pre class=\"wp-block-code\"><code>Cad Production Kft needs to fulfill the contract concluded with you.\nYou have given permission to Cad Production Kft. In this regard\nThe processing of your personal data is in the legitimate interest of Cad Production Kft.\nCad Production Kft. Must comply with the law<\/code><\/pre>\n\n\n\n<p>Cad Production Kft. Will only retain your personal data for as long as it is necessary for the purposes specified in this Privacy Policy. We retain and use your information to the extent necessary to comply with our legal obligations, resolve disputes and enforce our policies.<\/p>\n\n\n\n<p>If you are a resident of the European Economic Area (EEA), you have certain data protection rights. If you would like information about what personal information we hold about you and if you would like it removed from our systems, please contact us.<\/p>\n\n\n\n<p>In certain circumstances, you have the following privacy rights:<\/p>\n\n\n\n<pre class=\"wp-block-code\"><code>Access, update or delete information stored about you.\nRight to rectification.\nRight to protest.\nRight of restriction.\nThe right to data portability.\nRight to withdraw consent<\/code><\/pre>\n\n\n\n<p><strong>Log files<\/strong><\/p>\n\n\n\n<p>Cad Production Kft. Follows a standard procedure for using log files. These files log visitors when they visit websites. Every hosting company does this and is part of their hosting analytics. The information collected by the log files includes Internet Protocol (IP) addresses, browser type, Internet Service Provider (ISP), date and time stamp, link \/ exit pages, and possibly the number of clicks. They are not linked to any personally identifiable information. The purpose of the information is to analyze trends, administer the site, track the movement of users on the website, and collect demographic information.<\/p>\n\n\n\n<p><br><strong>Cookies and web beacons<\/strong><\/p>\n\n\n\n<p>Mint minden m\u00e1s weboldal, a Cad Production Kft. is haszn\u00e1l &#8222;s\u00fctiket&#8221;. Ezek a cookie-k arra szolg\u00e1lnak, hogy inform\u00e1ci\u00f3kat t\u00e1roljanak, bele\u00e9rtve a l\u00e1togat\u00f3k preferenci\u00e1it, valamint a weboldal azon oldalait, amelyeket a l\u00e1togat\u00f3 el\u00e9rt vagy megl\u00e1togatott. Ezeket az inform\u00e1ci\u00f3kat arra haszn\u00e1ljuk, hogy optimaliz\u00e1ljuk a felhaszn\u00e1l\u00f3k felhaszn\u00e1l\u00f3i \u00e9lm\u00e9ny\u00e9t az\u00e1ltal, hogy a l\u00e1togat\u00f3k b\u00f6ng\u00e9sz\u0151j\u00e9nek t\u00edpusa \u00e9s\/vagy egy\u00e9b inform\u00e1ci\u00f3i alapj\u00e1n testre szabjuk weboldalunk tartalm\u00e1t.<br><\/p>\n\n\n\n<p><strong>Privacy Policy<\/strong><\/p>\n\n\n\n<p>In this list you will find the privacy policy of each of the advertising partners of Cad Production Kft.<\/p>\n\n\n\n<p>Third-party ad servers or ad networks use technologies such as cookies, JavaScript or Web Beacons, which are used in their advertisements and links on Cad Production Ltd.'s website and which are sent directly to users' browsers. In this case, they will automatically receive your IP address. These technologies are used to measure the effectiveness of their advertising campaigns and \/ or to personalize the advertising content that appears on the websites you visit.<\/p>\n\n\n\n<p>Please note that Cad Production Ltd. does not have access to or control these cookies used by third party advertisers.<\/p>\n\n\n\n<p><strong>Third Party Privacy Policy<\/strong><\/p>\n\n\n\n<p>The privacy policies of Cad Production Kft. Do not apply to other advertisers or websites. Therefore, we encourage you to review the privacy policies of these third-party ad servers for more details. This may include their practice and instructions for disabling each option.<\/p>\n\n\n\n<p>You can choose to disable cookies through your custom browser settings. More detailed information about the handling of cookies with each web browser can be found on the respective websites of the browsers.<\/p>\n\n\n\n<p><br><strong>Information about children<\/strong><\/p>\n\n\n\n<p>We also consider it a priority to increase the protection of children when using the Internet. Parents and guardians are encouraged to monitor, participate in and \/ or supervise and manage their online activities.<\/p>\n\n\n\n<p>Cad Production Kft. Does not knowingly collect personally identifiable data from children under 13 years of age. If you believe that your child has provided such information on our website, we strongly urge you to contact us immediately and we will make every effort to remove such information from our records immediately.<br>Online privacy policy only<\/p>\n\n\n\n<p>Our Privacy Policy created on GDPRPrivacyPolicy.net) applies only to our online activities and applies to visitors to our website with respect to information shared and \/ or collected by Cad Production Kft. This policy does not apply to information collected through offline or off-site channels.<\/p>\n\n\n\n<p><br><strong>Contribution<\/strong><\/p>\n\n\n\n<p>By using our website, you agree to our Privacy Policy and agree to its terms.<\/p>","protected":false},"excerpt":{"rendered":"<p>A Cad Production Kft. adatv\u00e9delmi ir\u00e1nyelvei. A Cad Production Kft-n\u00e9l, amely a https:\/\/cadproduction.hu\/ weboldalr\u00f3l \u00e9rhet\u0151 el, az egyik legfontosabb priorit\u00e1sunk a l\u00e1togat\u00f3ink adatainak v\u00e9delme. Ez az Adatv\u00e9delmi ir\u00e1nyelvek dokumentum tartalmazza a Cad Production Kft. \u00e1ltal gy\u0171jt\u00f6tt \u00e9s r\u00f6gz\u00edtett inform\u00e1ci\u00f3k t\u00edpusait \u00e9s azok felhaszn\u00e1l\u00e1s\u00e1nak m\u00f3dj\u00e1t. Ha tov\u00e1bbi k\u00e9rd\u00e9sei vannak, vagy tov\u00e1bbi inform\u00e1ci\u00f3kra van sz\u00fcks\u00e9ge az Adatv\u00e9delmi &hellip;<\/p>\n<p class=\"read-more\"> <a class=\"\" href=\"https:\/\/cadproduction.hu\/en\/adatkezelesi-iranyelvek\/\"> <span class=\"screen-reader-text\">Privacy Policy<\/span> Read More &raquo;<\/a><\/p>","protected":false},"author":1,"featured_media":0,"parent":0,"menu_order":0,"comment_status":"closed","ping_status":"closed","template":"","meta":{"site-sidebar-layout":"default","site-content-layout":"default","ast-site-content-layout":"","site-content-style":"default","site-sidebar-style":"default","ast-global-header-display":"","ast-banner-title-visibility":"","ast-main-header-display":"","ast-hfb-above-header-display":"","ast-hfb-below-header-display":"","ast-hfb-mobile-header-display":"","site-post-title":"","ast-breadcrumbs-content":"","ast-featured-img":"","footer-sml-layout":"","theme-transparent-header-meta":"default","adv-header-id-meta":"","stick-header-meta":"","header-above-stick-meta":"","header-main-stick-meta":"","header-below-stick-meta":"","astra-migrate-meta-layouts":"","footnotes":""},"class_list":["post-3","page","type-page","status-publish","hentry"],"yoast_head":"<!-- This site is optimized with the Yoast SEO plugin v19.3 - https:\/\/yoast.com\/wordpress\/plugins\/seo\/ -->\n<title>Adatkezel\u00e9si ir\u00e1nyelvek - Cad Production Kft.<\/title>\n<meta name=\"robots\" content=\"index, follow, max-snippet:-1, max-image-preview:large, max-video-preview:-1\" \/>\n<link rel=\"canonical\" href=\"https:\/\/cadproduction.hu\/en\/adatkezelesi-iranyelvek\/\" \/>\n<meta property=\"og:locale\" content=\"en_US\" \/>\n<meta property=\"og:type\" content=\"article\" \/>\n<meta property=\"og:title\" content=\"Adatkezel\u00e9si ir\u00e1nyelvek - Cad Production Kft.\" \/>\n<meta property=\"og:description\" content=\"A Cad Production Kft. adatv\u00e9delmi ir\u00e1nyelvei. A Cad Production Kft-n\u00e9l, amely a https:\/\/cadproduction.hu\/ weboldalr\u00f3l \u00e9rhet\u0151 el, az egyik legfontosabb priorit\u00e1sunk a l\u00e1togat\u00f3ink adatainak v\u00e9delme. Ez az Adatv\u00e9delmi ir\u00e1nyelvek dokumentum tartalmazza a Cad Production Kft. \u00e1ltal gy\u0171jt\u00f6tt \u00e9s r\u00f6gz\u00edtett inform\u00e1ci\u00f3k t\u00edpusait \u00e9s azok felhaszn\u00e1l\u00e1s\u00e1nak m\u00f3dj\u00e1t. Ha tov\u00e1bbi k\u00e9rd\u00e9sei vannak, vagy tov\u00e1bbi inform\u00e1ci\u00f3kra van sz\u00fcks\u00e9ge az Adatv\u00e9delmi &hellip; Adatkezel\u00e9si ir\u00e1nyelvek Read More &raquo;\" \/>\n<meta property=\"og:url\" content=\"https:\/\/cadproduction.hu\/en\/adatkezelesi-iranyelvek\/\" \/>\n<meta property=\"og:site_name\" content=\"Cad Production Kft.\" \/>\n<meta property=\"article:modified_time\" content=\"2021-04-10T01:22:42+00:00\" \/>\n<meta name=\"twitter:card\" content=\"summary_large_image\" \/>\n<meta name=\"twitter:label1\" content=\"Est. reading time\" \/>\n\t<meta name=\"twitter:data1\" content=\"4 minutes\" \/>\n<script type=\"application\/ld+json\" class=\"yoast-schema-graph\">{\"@context\":\"https:\/\/schema.org\",\"@graph\":[{\"@type\":\"Organization\",\"@id\":\"https:\/\/cadproduction.hu\/#organization\",\"name\":\"Cad Production Kft.\",\"url\":\"https:\/\/cadproduction.hu\/\",\"sameAs\":[],\"logo\":{\"@type\":\"ImageObject\",\"inLanguage\":\"en-US\",\"@id\":\"https:\/\/cadproduction.hu\/#\/schema\/logo\/image\/\",\"url\":\"https:\/\/cadproduction.hu\/wp-content\/uploads\/2021\/03\/logo_small.png\",\"contentUrl\":\"https:\/\/cadproduction.hu\/wp-content\/uploads\/2021\/03\/logo_small.png\",\"width\":300,\"height\":136,\"caption\":\"Cad Production Kft.\"},\"image\":{\"@id\":\"https:\/\/cadproduction.hu\/#\/schema\/logo\/image\/\"}},{\"@type\":\"WebSite\",\"@id\":\"https:\/\/cadproduction.hu\/#website\",\"url\":\"https:\/\/cadproduction.hu\/\",\"name\":\"Cad Production Kft.\",\"description\":\"Speci\u00e1lis g\u00e9pgy\u00e1rt\u00f3, m\u00e9rn\u00f6ki fejleszt\u0151 \u00e9s szolg\u00e1ltat\u00f3 Kft.\",\"publisher\":{\"@id\":\"https:\/\/cadproduction.hu\/#organization\"},\"potentialAction\":[{\"@type\":\"SearchAction\",\"target\":{\"@type\":\"EntryPoint\",\"urlTemplate\":\"https:\/\/cadproduction.hu\/?s={search_term_string}\"},\"query-input\":\"required name=search_term_string\"}],\"inLanguage\":\"en-US\"},{\"@type\":\"WebPage\",\"@id\":\"https:\/\/cadproduction.hu\/en\/adatkezelesi-iranyelvek\/\",\"url\":\"https:\/\/cadproduction.hu\/en\/adatkezelesi-iranyelvek\/\",\"name\":\"Adatkezel\u00e9si ir\u00e1nyelvek - Cad Production Kft.\",\"isPartOf\":{\"@id\":\"https:\/\/cadproduction.hu\/#website\"},\"datePublished\":\"2021-03-08T23:09:17+00:00\",\"dateModified\":\"2021-04-10T01:22:42+00:00\",\"breadcrumb\":{\"@id\":\"https:\/\/cadproduction.hu\/en\/adatkezelesi-iranyelvek\/#breadcrumb\"},\"inLanguage\":\"en-US\",\"potentialAction\":[{\"@type\":\"ReadAction\",\"target\":[\"https:\/\/cadproduction.hu\/en\/adatkezelesi-iranyelvek\/\"]}]},{\"@type\":\"BreadcrumbList\",\"@id\":\"https:\/\/cadproduction.hu\/en\/adatkezelesi-iranyelvek\/#breadcrumb\",\"itemListElement\":[{\"@type\":\"ListItem\",\"position\":1,\"name\":\"Home\",\"item\":\"https:\/\/cadproduction.hu\/en\/\"},{\"@type\":\"ListItem\",\"position\":2,\"name\":\"Adatkezel\u00e9si ir\u00e1nyelvek\"}]}]}<\/script>\n<!-- \/ Yoast SEO plugin. -->","yoast_head_json":{"title":"Adatkezel\u00e9si ir\u00e1nyelvek - Cad Production Kft.","robots":{"index":"index","follow":"follow","max-snippet":"max-snippet:-1","max-image-preview":"max-image-preview:large","max-video-preview":"max-video-preview:-1"},"canonical":"https:\/\/cadproduction.hu\/en\/adatkezelesi-iranyelvek\/","og_locale":"en_US","og_type":"article","og_title":"Adatkezel\u00e9si ir\u00e1nyelvek - Cad Production Kft.","og_description":"A Cad Production Kft. adatv\u00e9delmi ir\u00e1nyelvei. A Cad Production Kft-n\u00e9l, amely a https:\/\/cadproduction.hu\/ weboldalr\u00f3l \u00e9rhet\u0151 el, az egyik legfontosabb priorit\u00e1sunk a l\u00e1togat\u00f3ink adatainak v\u00e9delme. Ez az Adatv\u00e9delmi ir\u00e1nyelvek dokumentum tartalmazza a Cad Production Kft. \u00e1ltal gy\u0171jt\u00f6tt \u00e9s r\u00f6gz\u00edtett inform\u00e1ci\u00f3k t\u00edpusait \u00e9s azok felhaszn\u00e1l\u00e1s\u00e1nak m\u00f3dj\u00e1t. Ha tov\u00e1bbi k\u00e9rd\u00e9sei vannak, vagy tov\u00e1bbi inform\u00e1ci\u00f3kra van sz\u00fcks\u00e9ge az Adatv\u00e9delmi &hellip; Adatkezel\u00e9si ir\u00e1nyelvek Read More &raquo;","og_url":"https:\/\/cadproduction.hu\/en\/adatkezelesi-iranyelvek\/","og_site_name":"Cad Production Kft.","article_modified_time":"2021-04-10T01:22:42+00:00","twitter_card":"summary_large_image","twitter_misc":{"Est. reading time":"4 minutes"},"schema":{"@context":"https:\/\/schema.org","@graph":[{"@type":"Organization","@id":"https:\/\/cadproduction.hu\/#organization","name":"Cad Production Kft.","url":"https:\/\/cadproduction.hu\/","sameAs":[],"logo":{"@type":"ImageObject","inLanguage":"en-US","@id":"https:\/\/cadproduction.hu\/#\/schema\/logo\/image\/","url":"https:\/\/cadproduction.hu\/wp-content\/uploads\/2021\/03\/logo_small.png","contentUrl":"https:\/\/cadproduction.hu\/wp-content\/uploads\/2021\/03\/logo_small.png","width":300,"height":136,"caption":"Cad Production Kft."},"image":{"@id":"https:\/\/cadproduction.hu\/#\/schema\/logo\/image\/"}},{"@type":"WebSite","@id":"https:\/\/cadproduction.hu\/#website","url":"https:\/\/cadproduction.hu\/","name":"Cad Production Kft.","description":"Speci\u00e1lis g\u00e9pgy\u00e1rt\u00f3, m\u00e9rn\u00f6ki fejleszt\u0151 \u00e9s szolg\u00e1ltat\u00f3 Kft.","publisher":{"@id":"https:\/\/cadproduction.hu\/#organization"},"potentialAction":[{"@type":"SearchAction","target":{"@type":"EntryPoint","urlTemplate":"https:\/\/cadproduction.hu\/?s={search_term_string}"},"query-input":"required name=search_term_string"}],"inLanguage":"en-US"},{"@type":"WebPage","@id":"https:\/\/cadproduction.hu\/en\/adatkezelesi-iranyelvek\/","url":"https:\/\/cadproduction.hu\/en\/adatkezelesi-iranyelvek\/","name":"Adatkezel\u00e9si ir\u00e1nyelvek - Cad Production Kft.","isPartOf":{"@id":"https:\/\/cadproduction.hu\/#website"},"datePublished":"2021-03-08T23:09:17+00:00","dateModified":"2021-04-10T01:22:42+00:00","breadcrumb":{"@id":"https:\/\/cadproduction.hu\/en\/adatkezelesi-iranyelvek\/#breadcrumb"},"inLanguage":"en-US","potentialAction":[{"@type":"ReadAction","target":["https:\/\/cadproduction.hu\/en\/adatkezelesi-iranyelvek\/"]}]},{"@type":"BreadcrumbList","@id":"https:\/\/cadproduction.hu\/en\/adatkezelesi-iranyelvek\/#breadcrumb","itemListElement":[{"@type":"ListItem","position":1,"name":"Home","item":"https:\/\/cadproduction.hu\/en\/"},{"@type":"ListItem","position":2,"name":"Adatkezel\u00e9si ir\u00e1nyelvek"}]}]}},"_links":{"self":[{"href":"https:\/\/cadproduction.hu\/en\/wp-json\/wp\/v2\/pages\/3","targetHints":{"allow":["GET"]}}],"collection":[{"href":"https:\/\/cadproduction.hu\/en\/wp-json\/wp\/v2\/pages"}],"about":[{"href":"https:\/\/cadproduction.hu\/en\/wp-json\/wp\/v2\/types\/page"}],"author":[{"embeddable":true,"href":"https:\/\/cadproduction.hu\/en\/wp-json\/wp\/v2\/users\/1"}],"replies":[{"embeddable":true,"href":"https:\/\/cadproduction.hu\/en\/wp-json\/wp\/v2\/comments?post=3"}],"version-history":[{"count":0,"href":"https:\/\/cadproduction.hu\/en\/wp-json\/wp\/v2\/pages\/3\/revisions"}],"wp:attachment":[{"href":"https:\/\/cadproduction.hu\/en\/wp-json\/wp\/v2\/media?parent=3"}],"curies":[{"name":"wp","href":"https:\/\/api.w.org\/{rel}","templated":true}]}}